{"id":211,"date":"2022-03-10T12:25:45","date_gmt":"2022-03-10T11:25:45","guid":{"rendered":"https:\/\/bsg.de\/?page_id=211"},"modified":"2022-11-29T08:27:30","modified_gmt":"2022-11-29T07:27:30","slug":"jobs-karriere","status":"publish","type":"page","link":"https:\/\/bsg.de\/en\/jobs-karriere\/","title":{"rendered":"Jobs"},"content":{"rendered":"<p><a href=\"https:\/\/bsg.de\/en\/\"><br \/>\n\t\t\t\t\t\t\t<img decoding=\"async\" src=\"https:\/\/bsg.de\/wp-content\/uploads\/2022\/03\/BSG-Logo.svg\" alt=\"BSG Logo\" loading=\"lazy\" title=\"\">\t\t\t\t\t\t\t\t<\/a><br \/>\n\t\t\t<a href=\"#positions\" role=\"button\"><br \/>\n\t\t\t\t\t\tSich f\u00fcr den Job bewerben<br \/>\n\t\t\t\t\t<\/a><\/p>\n<h1>VOM NIEDERRHEIN IN DIE WELT<\/h1>\n<h2>WIR SIND ALLES - NUR NICHT PROVINZIELL<\/h2>\n<h2>Das Team der BSG<br \/>\nwartet auf dich<\/h2>\n<p>\t\t\t<a href=\"https:\/\/bsg.de\/en\/bewerben\/\" role=\"button\"><br \/>\n\t\t\t\t\t\tSich f\u00fcr den Job bewerben <\/br><small style=\"font-weight:500;text-transform:uppercase;opacity:0.85;font-size:70%;\">bewerben mit nur 8 Klicks \/ in 1 Minute<\/small><br \/>\n\t\t\t\t\t<\/a><\/p>\n<h2>SCHON ETABLIERT UND DENNOCH START-UP-ATMOSPH\u00c4RE<\/h2>\n<p>Seit mehr als 25 Jahren ist die Bruckmann Steuerungstechnik GmbH als Spezialist f\u00fcr innovative Automatisierungsl\u00f6sungen und Prozessleittechnik f\u00fcr industrielle Produktionsanlagen bekannt. Insbesondere in der Kunststoffindustrie hat sich die BSG durch ma\u00dfgeschneiderte Single-Unit-L\u00f6sungen und erfolgreiche Greenfield-Projekte weltweit einen Namen gemacht. Mittlerweile sind 92 Mitarbeiter*innen mit uns gemeinsam t\u00e4tig, um auch komplexe Herausforderungen zur Zufriedenheit unserer nationalen und internationalen Kunden zu bew\u00e4ltigen.<\/p>\n<h3>WIR STEHEN F\u00dcR VERL\u00c4SSLICHKEIT UND PARTNERSCHAFT<\/h3>\n<p>\t\tTrotz unserer Unternehmensgr\u00f6\u00dfe sind wir immer ein Betrieb geblieben, in dem jeder jeden kennt und auch jeder jeden kennen soll. Bei allem, was wir tun, steht f\u00fcr uns das Gemeinsame im Vordergrund. Wie in einem klassischen Familienbetrieb ziehen wir alle an einem Strang. Wir pflegen eine Art des Umgangs und des Zusammenarbeitens, der von gegenseitiger Wertsch\u00e4tzung und R\u00fccksichtnahme gepr\u00e4gt ist. Wir tauschen uns aus, wir lernen voneinander und wir sorgen gemeinsam daf\u00fcr, langfristige und verl\u00e4ssliche Partnerschaften mit unseren Kunden aufzubauen. Auf dieselbe Verl\u00e4sslichkeit und langfristige Zusammenarbeit setzen wir auch in unserem Team, denn mehr als 50% deiner neuen Kollegen sind schon l\u00e4nger als 10 Jahre bei uns.<br \/>\n\t\t\t\t\t\t\t\t\t\t\t\t\t\t\t<img decoding=\"async\" width=\"1200\" height=\"797\" src=\"https:\/\/bsg.de\/wp-content\/uploads\/2022\/03\/BSG-Firmengebaeude-aussen.jpg\" alt=\"Au\u00dfenansicht des BSG Firmengeb\u00e4udes am gr\u00fcnen Niederrhein\" loading=\"lazy\" srcset=\"https:\/\/bsg.de\/wp-content\/uploads\/2022\/03\/BSG-Firmengebaeude-aussen.jpg 1200w, https:\/\/bsg.de\/wp-content\/uploads\/2022\/03\/BSG-Firmengebaeude-aussen-300x199.jpg 300w, https:\/\/bsg.de\/wp-content\/uploads\/2022\/03\/BSG-Firmengebaeude-aussen-1024x680.jpg 1024w, https:\/\/bsg.de\/wp-content\/uploads\/2022\/03\/BSG-Firmengebaeude-aussen-768x510.jpg 768w, https:\/\/bsg.de\/wp-content\/uploads\/2022\/03\/BSG-Firmengebaeude-aussen-18x12.jpg 18w\" sizes=\"auto, (max-width: 1200px) 100vw, 1200px\" title=\"\"><br \/>\n\t\t\t\t\t\t\t\t\t\t\t\t\t\t\t<img decoding=\"async\" width=\"800\" height=\"584\" src=\"https:\/\/bsg.de\/wp-content\/uploads\/2022\/03\/BSG-Mitarbeiter-programmiert-am-Laptop.jpg\" alt=\"Immer auf den Job fokussiert. BSG Mitarbeiter programmiert am Laptop\" loading=\"lazy\" srcset=\"https:\/\/bsg.de\/wp-content\/uploads\/2022\/03\/BSG-Mitarbeiter-programmiert-am-Laptop.jpg 800w, https:\/\/bsg.de\/wp-content\/uploads\/2022\/03\/BSG-Mitarbeiter-programmiert-am-Laptop-300x219.jpg 300w, https:\/\/bsg.de\/wp-content\/uploads\/2022\/03\/BSG-Mitarbeiter-programmiert-am-Laptop-768x561.jpg 768w, https:\/\/bsg.de\/wp-content\/uploads\/2022\/03\/BSG-Mitarbeiter-programmiert-am-Laptop-16x12.jpg 16w\" sizes=\"auto, (max-width: 800px) 100vw, 800px\" title=\"\">\t\t\t\t\t\t\t\t\t\t\t\t\t\t\t<\/p>\n<h2>UNSER TEAM:<\/h2>\n<p>\t\tSpannende Projekte, au\u00dfergew\u00f6hnliche Baustellen in beeindruckenden fernen L\u00e4ndern: wer tr\u00e4umt nicht davon? Wir haben schon \u00fcberall auf der ganzen Welt mehr als 2.200 Projekt realisiert. Unser Erfolg basiert auf dem Engagement und der Motivation unserer Mitarbeiter. Je herausfordernder das Projekt, desto wichtiger die Kommunikation und das Zusammenspiel der Teams. Wir sch\u00e4tzen kurze Wege, wir h\u00f6ren zu und wir nehmen ernst. Wir sagen uns die Meinung und vertragen uns wieder. Wir haben den Anspruch an uns selbst, die Werte, die ein Familienunternehmen auszeichnen, in unser Arbeitsleben zu integrieren.Wir legen Wert auf Kommunikation, offenen Austausch und Kreativit\u00e4t. Tradition und Moderne zu vereinen bedeutet f\u00fcr uns, mit einem tollen Betriebsklima eine unvergleichliche Arbeitsatmosph\u00e4re zu schaffen. Unser gemeinsamer Erfolg, lange Betriebszugeh\u00f6rigkeiten und der gelebte Stil im t\u00e4glichen Umgang miteinander best\u00e4tigen uns, dass wir auf dem richtigen Weg sind.\t\t<\/p>\n<h2>T\u00c4TIGKEIT MIT PERSPEKTIVE<\/h2>\n<h3>For people who want to develop<\/h3>\n<p>\t\tFor us, it is important that all employees feel comfortable and in good hands. We do a lot to ensure this. Work should be fun. It should be more than just a job. We don't want anonymity, we want personality. This is what we stand for as a company and as a modern business with responsibility. Here are some reasons why your future colleagues are happy to work with us and why they stay with us.\t\t<\/p>\n<h3>\n\t\t\t\t\t\tJetzt ohne Bewerbungsunterlagen<br \/>\n\t\t\t\t<\/h3>\n<p>\t\t\t<a href=\"https:\/\/bsg.de\/en\/bewerben\/\" role=\"button\"><br \/>\n\t\t\t\t\t\t<small style=\"font-weight:800;text-transform:uppercase;font-size:20px;opacity:0.85;\">bewerben mit nur 8 Klicks \/ in 1 Minute<\/small><br \/>\n\t\t\t\t\t<\/a><\/p>\n<h3>IM TEAM<\/h3>\n<ul>\n<li>\n\t\t\t\t\t\t\t\t\t\toffene und hilfsbereite Kollegen\n\t\t\t\t\t\t\t\t\t<\/li>\n<li>\n\t\t\t\t\t\t\t\t\t\teingespielte Teams\n\t\t\t\t\t\t\t\t\t<\/li>\n<li>\n\t\t\t\t\t\t\t\t\t\tintensiver Austausch untereinander\n\t\t\t\t\t\t\t\t\t<\/li>\n<li>\n\t\t\t\t\t\t\t\t\t\tFamily-friendly organization of vacation and working hours\n\t\t\t\t\t\t\t\t\t<\/li>\n<li>\n\t\t\t\t\t\t\t\t\t\tregelm\u00e4\u00dfige Gesundheitschecks\n\t\t\t\t\t\t\t\t\t<\/li>\n<li>\n\t\t\t\t\t\t\t\t\t\tGesundheits- und Erholungsma\u00dfnahmen bei Bedarf\n\t\t\t\t\t\t\t\t\t<\/li>\n<li>\n\t\t\t\t\t\t\t\t\t\tgemeinsame Teamevents\n\t\t\t\t\t\t\t\t\t<\/li>\n<li>\n\t\t\t\t\t\t\t\t\t\tflache Hierarchien und kurze Wege\n\t\t\t\t\t\t\t\t\t<\/li>\n<li>\n\t\t\t\t\t\t\t\t\t\tWertsch\u00e4tzung und Geh\u00f6rtwerden\n\t\t\t\t\t\t\t\t\t<\/li>\n<\/ul>\n<h3>IM PROJEKT<\/h3>\n<ul>\n<li>\n\t\t\t\t\t\t\t\t\t\toffene Diskussionskultur\n\t\t\t\t\t\t\t\t\t<\/li>\n<li>\n\t\t\t\t\t\t\t\t\t\tvolldigitalisierte Projektabwicklung\n\t\t\t\t\t\t\t\t\t<\/li>\n<li>\n\t\t\t\t\t\t\t\t\t\tsehr spannende Projekte weltweit\n\t\t\t\t\t\t\t\t\t<\/li>\n<li>\n\t\t\t\t\t\t\t\t\t\tFirmenhandy\n\t\t\t\t\t\t\t\t\t<\/li>\n<li>\n\t\t\t\t\t\t\t\t\t\tParkplatz direkt am Firmensitz\n\t\t\t\t\t\t\t\t\t<\/li>\n<li>\n\t\t\t\t\t\t\t\t\t\tneueste Firmenfahrzeuge\n\t\t\t\t\t\t\t\t\t<\/li>\n<li>\n\t\t\t\t\t\t\t\t\t\tFort- und Weiterbildungsangebote\n\t\t\t\t\t\t\t\t\t<\/li>\n<li>\n\t\t\t\t\t\t\t\t\t\tStart-up-Atmosph\u00e4re\n\t\t\t\t\t\t\t\t\t<\/li>\n<li>\n\t\t\t\t\t\t\t\t\t\tabwechslungsreiche T\u00e4tigkeiten\n\t\t\t\t\t\t\t\t\t<\/li>\n<li>\n\t\t\t\t\t\t\t\t\t\tattraktive Verkehrsmittel\n\t\t\t\t\t\t\t\t\t<\/li>\n<\/ul>\n<h3>IM BETRIEB<\/h3>\n<ul>\n<li>\n\t\t\t\t\t\t\t\t\t\t\u00fcbertarifliche Verg\u00fctung (13 Geh.)\n\t\t\t\t\t\t\t\t\t<\/li>\n<li>\n\t\t\t\t\t\t\t\t\t\tUrlaubs- und Weihnachtsgeld\n\t\t\t\t\t\t\t\t\t<\/li>\n<li>\n\t\t\t\t\t\t\t\t\t\tbetriebliche Altersvorsorge\n\t\t\t\t\t\t\t\t\t<\/li>\n<li>\n\t\t\t\t\t\t\t\t\t\t30 Tage Urlaub\n\t\t\t\t\t\t\t\t\t<\/li>\n<li>\n\t\t\t\t\t\t\t\t\t\t38-Stunden-Woche\n\t\t\t\t\t\t\t\t\t<\/li>\n<li>\n\t\t\t\t\t\t\t\t\t\tgro\u00dfz\u00fcgige Reiseregelungen\n\t\t\t\t\t\t\t\t\t<\/li>\n<li>\n\t\t\t\t\t\t\t\t\t\tattraktive Aufwandsentsch\u00e4digung\n\t\t\t\t\t\t\t\t\t<\/li>\n<li>\n\t\t\t\t\t\t\t\t\t\ttolle Karrierechancen\n\t\t\t\t\t\t\t\t\t<\/li>\n<li>\n\t\t\t\t\t\t\t\t\t\tFreizeitausgleich\n\t\t\t\t\t\t\t\t\t<\/li>\n<li>\n\t\t\t\t\t\t\t\t\t\tfamili\u00e4re Atmosph\u00e4re\n\t\t\t\t\t\t\t\t\t<\/li>\n<li>\n\t\t\t\t\t\t\t\t\t\tkostenfreies Mittagessen & Getr\u00e4nke\n\t\t\t\t\t\t\t\t\t<\/li>\n<\/ul>\n<h2>WOF\u00dcR DU STEHST<\/h2>\n<p>Die herausforderndsten Projekte bew\u00e4ltigen wir nur gemeinsam im Team. Motiviert und mit Enthusiasmus stellen wir uns den gemeinsamen Projektaufgaben weltweit. Alle Mitglieder unserer Projektteams sollen ihre Individualit\u00e4t einbringen und dennoch als Teamplayer auftreten. Wir w\u00fcnschen uns einige Dinge, die du mitbringst, f\u00fcr die du stehst, und die du voll und ganz unterschreibst.<\/p>\n<p><strong>Wenn du dich hier wiederfindest, dann bist du bei uns genau richtig.<\/strong><\/p>\n<ul>\n<li>\n\t\t\t\t\t\t\t\t\t\t\u201eIch m\u00f6chte (mich) weiterentwickeln, aktiv beitragen und sehen, was ich mit meiner Arbeit schaffen kann.\u201c\n\t\t\t\t\t\t\t\t\t<\/li>\n<li>\n\t\t\t\t\t\t\t\t\t\t\u201eDie Abwechslung bei der Arbeit ist wichtig, um auch im Kopf beweglich zu bleiben.\u201c\n\t\t\t\t\t\t\t\t\t<\/li>\n<li>\n\t\t\t\t\t\t\t\t\t\t\u201eEs bedeutet mir viel, mit offenen Augen durch das Leben zu gehen und heute schon an morgen zu denken.\u201c\n\t\t\t\t\t\t\t\t\t<\/li>\n<li>\n\t\t\t\t\t\t\t\t\t\t\u201eIch will nicht nur einen Job machen, ich will lernen und mich weiterentwickeln, auch wenn mal etwas schiefgeht.\u201c\n\t\t\t\t\t\t\t\t\t<\/li>\n<li>\n\t\t\t\t\t\t\t\t\t\t\u201eZu einem gesunden Betriebsklima geh\u00f6rt auch dazu, Tacheles zu sprechen.\u201c\n\t\t\t\t\t\t\t\t\t<\/li>\n<li>\n\t\t\t\t\t\t\t\t\t\t\u201eWenn ich dem Kunden geholfen habe, dann ist die Arbeit getan \u2013 aber erst dann, denn nur 90% Einsatz sind zu wenig.\u201c\n\t\t\t\t\t\t\t\t\t<\/li>\n<li>\n\t\t\t\t\t\t\t\t\t\t\u201eIch m\u00f6chte mich einbringen und Verantwortung \u00fcbernehmen.\u201c\n\t\t\t\t\t\t\t\t\t<\/li>\n<li>\n\t\t\t\t\t\t\t\t\t\t\u201eDas Arbeiten im Team und gemeinsame Probleml\u00f6sungen sind das A und O.\u201c\n\t\t\t\t\t\t\t\t\t<\/li>\n<li>\n\t\t\t\t\t\t\t\t\t\t\u201eDer ganzheitliche Ansatz von der Planung bis zur Inbetriebnahme ist genau das, was ich m\u00f6chte\u201c\n\t\t\t\t\t\t\t\t\t<\/li>\n<\/ul>\n<ul>\n<li>\n\t\t\t\t\t\t\t\t\t\t\u201eGelebte Werte und Traditionsbewusstsein sind auch in der digitalen Welt wichtig.\u201c\n\t\t\t\t\t\t\t\t\t<\/li>\n<li>\n\t\t\t\t\t\t\t\t\t\t\u201eRegenerative Energien und nachhaltige L\u00f6sungen sind unsere Zukunft.\u201c\n\t\t\t\t\t\t\t\t\t<\/li>\n<li>\n\t\t\t\t\t\t\t\t\t\t\u201eDer Einsatz modernster Techniksysteme schafft f\u00fcr Kunden und Umwelt neue M\u00f6glichkeiten. Dazu m\u00f6chte ich beitragen.\u201c\n\t\t\t\t\t\t\t\t\t<\/li>\n<li>\n\t\t\t\t\t\t\t\t\t\t\u201eIch liebe technische Innovationen, moderne Regeltechnik und die Automatisierung industrieller Anlagen.\u201c\n\t\t\t\t\t\t\t\t\t<\/li>\n<li>\n\t\t\t\t\t\t\t\t\t\t\u201eIch habe einen F\u00fchrerschein und nutze ihn auch.\u201c\n\t\t\t\t\t\t\t\t\t<\/li>\n<li>\n\t\t\t\t\t\t\t\t\t\t\u201eMit meiner T\u00e4tigkeit bin ich die Visitenkarte des Betriebes und repr\u00e4sentiere ihn nach Au\u00dfen.\u201c\n\t\t\t\t\t\t\t\t\t<\/li>\n<li>\n\t\t\t\t\t\t\t\t\t\t\u201eDurch gute Ordnung und hervorragende Organisation bei den Projekten trage ich ma\u00dfgeblich zur Kundenzufriedenheit bei.\u201c\n\t\t\t\t\t\t\t\t\t<\/li>\n<li>\n\t\t\t\t\t\t\t\t\t\t\u201eIch m\u00f6chte \u00fcber den Tellerrand hinausschauen, meinen Horizont erweitern.\u201c\n\t\t\t\t\t\t\t\t\t<\/li>\n<li>\n\t\t\t\t\t\t\t\t\t\t\u201eMobilit\u00e4t und Reiset\u00e4tigkeiten sind selbstverst\u00e4ndlich in der Projektarbeit.\u201c\n\t\t\t\t\t\t\t\t\t<\/li>\n<\/ul>\n<p>\t\t\t<a href=\"https:\/\/bsg.de\/en\/bewerben\/\" role=\"button\"><br \/>\n\t\t\t\t\t\tJetzt ohne Bewerbungsunterlagen bewerben<\/br> <small style=\"font-weight:500;text-transform:uppercase;opacity:0.85;font-size:70%;\">bewerben mit nur 8 Klicks \/ in 1 Minute<\/small><br \/>\n\t\t\t\t\t<\/a><\/p>\n<h3>Wenn Du Dich hier wiedererkennst, dann bist <br \/>Du die Idealbesetzung f\u00fcr eine unserer offenen Positionen<\/h3>\n<h2>WERDE TEIL VON UNS<\/h2>\n<h2>Starte deine Karriere jetzt<\/h2>\n<h2>SPS programmer automation technology (m\/f\/d)<\/h2>\n<p>\t\t\t<a href=\"https:\/\/bsg.de\/en\/bewerbungen\/sps-programmierer-automatisierungstechnik-m-w-d\/\" target=\"_blank\" role=\"button\" rel=\"noopener\"><br \/>\n\t\t\t\t\t\tBewerben<br \/>\n\t\t\t\t\t<\/a><\/p>\n<h2>Electrical CAD designer (m\/f\/d)<\/h2>\n<p>\t\t\t<a href=\"https:\/\/bsg.de\/en\/bewerbungen\/elektro-cad-konstrukteur-m-w-d\/\" target=\"_blank\" role=\"button\" rel=\"noopener\"><br \/>\n\t\t\t\t\t\tBewerben<br \/>\n\t\t\t\t\t<\/a><\/p>\n<h2>IT Application Administrator (m\/f\/d)<\/h2>\n<p>\t\t\t<a href=\"https:\/\/bsg.de\/en\/bewerbungen\/it-applikationsbetreuer-m-w-d\/\" target=\"_blank\" role=\"button\" rel=\"noopener\"><br \/>\n\t\t\t\t\t\tBewerben<br \/>\n\t\t\t\t\t<\/a><\/p>\n<h2>Azubi Elektroniker f\u00fcr Betriebstechnik (m\/w\/d)<\/h2>\n<p>f\u00fcr 2023<\/p>\n<p>\t\t\t<a href=\"https:\/\/bsg.de\/en\/bewerbungen\/azubi-elektroniker-fuer-betriebstechnik-m-w-d\/\" target=\"_blank\" role=\"button\" rel=\"noopener\"><br \/>\n\t\t\t\t\t\tBewerben<br \/>\n\t\t\t\t\t<\/a><\/p>\n<h2>Azubi Fachinformatiker (m\/w\/d)<\/h2>\n<p>f\u00fcr 2023<\/p>\n<p>\t\t\t<a href=\"https:\/\/bsg.de\/en\/bewerbungen\/azubi-fachinformatiker-m-w-d\/\" target=\"_blank\" role=\"button\" rel=\"noopener\"><br \/>\n\t\t\t\t\t\tBewerben<br \/>\n\t\t\t\t\t<\/a><br \/>\n\t\tMit einem Klick auf den Kurz-Bewerbungsbutton \u00f6ffnest Du das Formularfeld und gibst alle Informationen ein.<i>Wenn Du noch weitere Fragen zu den Karriere- oder Ausbildungsm\u00f6glichkeiten bei der BSG haben solltest, freuen sich unsere Ansprechpartner auf Dich.<br \/>\n<\/i><br \/>\n\t\t\t<a href=\"https:\/\/bsg.de\/en\/bewerben\/\" role=\"button\"><br \/>\n\t\t\t\t\t\tJetzt ohne Bewerbungsunterlagen bewerben<\/br> <small style=\"font-weight:500;text-transform:uppercase;opacity:0.85;font-size:70%\">bewerben mit nur 8 Klicks \/ in 1 Minute <\/small><br \/>\n\t\t\t\t\t<\/a><\/p>\n<h3>Wie ist der Ablauf?<\/h3>\n<h2>Dein Weg ins BSG-Team:<\/b><\/h2>\n<p>\t\tKlar und verst\u00e4ndlich gestaltet,<br \/>\n\u00fcbersichtlich und durchdacht<br \/>\nstrukturiert. So wie wir arbeiten, so<br \/>\nl\u00e4uft auch der Bewerbungsprozess<br \/>\nab. Nur das, worauf es wirklich<br \/>\nankommt.\t\t<\/p>\n<figure><img decoding=\"async\" width=\"144\" height=\"144\" src=\"https:\/\/bsg.de\/wp-content\/uploads\/2022\/04\/flexed-biceps_1f4aa.png\" alt=\"\" loading=\"lazy\" title=\"\"><\/figure>\n<h3>Step 1<\/h3>\n<p>Mit einem Klick auf den Kurz-Bewerbungsbutton \u00f6ffnest Du das Formularfeld und gibst alle Informationen ein.<\/p>\n<p>\t\t\t\t\t\t\t\t\t\t\t\t\t\t\t<img decoding=\"async\" width=\"218\" height=\"160\" src=\"https:\/\/bsg.de\/wp-content\/uploads\/2022\/04\/arrow-right.png\" alt=\"\" loading=\"lazy\" srcset=\"https:\/\/bsg.de\/wp-content\/uploads\/2022\/04\/arrow-right.png 218w, https:\/\/bsg.de\/wp-content\/uploads\/2022\/04\/arrow-right-16x12.png 16w\" sizes=\"auto, (max-width: 218px) 100vw, 218px\" title=\"\">\t\t\t\t\t\t\t\t\t\t\t\t\t\t\t<\/p>\n<figure><img decoding=\"async\" width=\"144\" height=\"144\" src=\"https:\/\/bsg.de\/wp-content\/uploads\/2022\/04\/Rocket-Emoji.png\" alt=\"\" loading=\"lazy\" title=\"\"><\/figure>\n<h3>Step 2<\/h3>\n<p>Du erh\u00e4ltst von uns per E-Mail<br \/>\nein Feedback. Wom\u00f6glich bitten wir dich, deine vollst\u00e4ndigen Bewerbungsunterlagen zusammenzustellen.<\/p>\n<figure><img decoding=\"async\" width=\"136\" height=\"136\" src=\"https:\/\/bsg.de\/wp-content\/uploads\/2022\/05\/anhang-bewerbung.png\" alt=\"\" loading=\"lazy\" title=\"\"><\/figure>\n<h3>Step 3<\/h3>\n<p>Du sendest uns deine Bewerbungsunterlagen per E-Mail zu.<\/p>\n<p>\t\t\t\t\t\t\t\t\t\t\t\t\t\t\t<img decoding=\"async\" width=\"218\" height=\"160\" src=\"https:\/\/bsg.de\/wp-content\/uploads\/2022\/04\/arrow-left.png\" alt=\"\" loading=\"lazy\" srcset=\"https:\/\/bsg.de\/wp-content\/uploads\/2022\/04\/arrow-left.png 218w, https:\/\/bsg.de\/wp-content\/uploads\/2022\/04\/arrow-left-16x12.png 16w\" sizes=\"auto, (max-width: 218px) 100vw, 218px\" title=\"\"><br \/>\n\t\t\t\t\t\t\t\t\t\t\t\t\t\t\t<img decoding=\"async\" width=\"218\" height=\"160\" src=\"https:\/\/bsg.de\/wp-content\/uploads\/2022\/04\/arrow-right.png\" alt=\"\" loading=\"lazy\" srcset=\"https:\/\/bsg.de\/wp-content\/uploads\/2022\/04\/arrow-right.png 218w, https:\/\/bsg.de\/wp-content\/uploads\/2022\/04\/arrow-right-16x12.png 16w\" sizes=\"auto, (max-width: 218px) 100vw, 218px\" title=\"\">\t\t\t\t\t\t\t\t\t\t\t\t\t\t\t<\/p>\n<figure><img decoding=\"async\" width=\"144\" height=\"134\" src=\"https:\/\/bsg.de\/wp-content\/uploads\/2022\/04\/Star-Eyes-Emoji.png\" alt=\"\" loading=\"lazy\" title=\"\"><\/figure>\n<h3>Step 4<\/h3>\n<p>Deine Bewerbung hat uns angesprochen. Daher vereinbaren wir mit dir einen Termin f\u00fcr ein erstes pers\u00f6nliches Kennenlerngespr\u00e4ch.<\/p>\n<figure><img decoding=\"async\" width=\"144\" height=\"144\" src=\"https:\/\/bsg.de\/wp-content\/uploads\/2022\/04\/flexed-biceps_1f4aa.png\" alt=\"\" loading=\"lazy\" title=\"\"><\/figure>\n<h3>Schritt 5<\/h3>\n<p>Wir verstehen uns, so dass am Ende des<br \/>\nProzesses der unterschriebene Vertrag steht.<\/p>\n<p>\t\t\t\t\t\t\t\t\t\t\t\t\t\t\t<img decoding=\"async\" width=\"218\" height=\"160\" src=\"https:\/\/bsg.de\/wp-content\/uploads\/2022\/04\/arrow-left.png\" alt=\"\" loading=\"lazy\" srcset=\"https:\/\/bsg.de\/wp-content\/uploads\/2022\/04\/arrow-left.png 218w, https:\/\/bsg.de\/wp-content\/uploads\/2022\/04\/arrow-left-16x12.png 16w\" sizes=\"auto, (max-width: 218px) 100vw, 218px\" title=\"\"><br \/>\n\t\t\t<a href=\"#positions\" role=\"button\"><br \/>\n\t\t\t\t\t\tSich f\u00fcr den Job bewerben <\/br><small style=\"font-weight:500;text-transform:uppercase;opacity:0.85;font-size:70%;\">bewerben mit nur 8 Klicks \/ in 1 Minute<\/small><br \/>\n\t\t\t\t\t<\/a><\/p>\n<h2>Vielleicht dein neues Team? <\/h2>\n<h3>Tradition plus Innovation = Qualit\u00e4t<\/h3>\n<h2>SO WERDEN WIR GESEHEN<\/h2>\n<h2>FRAGEN ZU DEINER BEWERBUNG <\/h2>\n<p>\t\t\t\t\t\t\t\t\t\t\t\t<a href=\"\">Wie kann ich mich bei der BSG bewerben?<\/a><\/p>\n<p><em>Der schnellste und einfachste Weg ist \u00fcber den Bewerbungsbutton auf unserer Bewerbungsseite, denn an dieser Stelle ist es nicht n\u00f6tig, schon<br role=\"presentation\" \/>Bewerbungsunterlagen zu senden. Diese werden von uns speziell angefordert, wenn wir sie ben\u00f6tigen. Diese k\u00f6nnen dann vorzugsweise per Mail oder per Post an uns gesandt werden.<\/em><\/p>\n<p>\t\t\t\t\t\t\t\t\t\t\t\t<a href=\"\">Kann ich mich auch pers\u00f6nlich vorstellen? <\/a><\/p>\n<p><em>Ja, das geht. Allerdings m\u00fcssen wir in diesen Coronazeiten einen speziellen Termin vereinbaren, zu dem wir uns treffen k\u00f6nnen. Ebenso bitten wir Dich, zuerst einmal deine vollst\u00e4ndigen Bewerbungsunterlagen einzureichen.<\/em><\/p>\n<p>\t\t\t\t\t\t\t\t\t\t\t\t<a href=\"\">Sind die auf der Karriereseite angebotenen Stellen noch frei? <\/a><\/p>\n<p><em>Ja, alle auf der Seite angezeigten Stellen sind noch frei, da wir unsere Website tagesaktuell pflegen, weil wir keine Lust auf \u201cKarteileichen\u201c oder \u201eUralt-News\u201c haben. Vernachl\u00e4ssigte Websites werfen kein gutes Licht auf Unternehmen.<\/em><\/p>\n<p>\t\t\t\t\t\t\t\t\t\t\t\t<a href=\"\">Gibt es eine Deadline f\u00fcr meine Bewerbung? <\/a><\/p>\n<p><em>Nein, es gibt keine Deadline f\u00fcr Bewerbungen bei der BSG. Solange die Stellen online sichtbar sind, sind sie auch noch nicht vergeben.<\/em><\/p>\n<p>\t\t\t\t\t\t\t\t\t\t\t\t<a href=\"\">Akzeptieren Sie auch Initiativbewerbungen?<\/a><\/p>\n<p><em>Ja, grunds\u00e4tzlich schon. Allerdings k\u00f6nnen wir keine Aussage \u00fcber die Erfolgsaussichten treffen, bis wir nicht die vollst\u00e4ndigen Bewerbungsunterlagen gesehen haben.<\/em><\/p>\n<p>\t\t\t\t\t\t\t\t\t\t\t\t<a href=\"\">Bei wem kann ich mich bei Fragen erkundigen? <\/a><br \/>\n\t\t\t\t\t<em>Bei Fragen zum Ablauf des Bewerbungsprozesses k\u00f6nnen Sie sich bei der BSG gerne an unsere Personalverantwortliche <\/em><em><a href=\"https:\/\/bsg.de\/en\/unternehmen\/#jobs-ansprechpartner\" target=\"_blank\" rel=\"noopener\">Anne van Beek<\/a> wenden.<\/em><\/p>\n<h2>We are looking forward to meet you!<\/h2>\n<p>\t\t\t\t\t\t\t\t\t\t\t\t\t\t\t<img decoding=\"async\" width=\"800\" height=\"450\" src=\"https:\/\/bsg.de\/wp-content\/uploads\/2022\/03\/Teamfoto-BSG-Mitarbeiter.jpg\" alt=\"Ausbildung bei der BSG. Starte deine Karriere bei uns und finde deinen Traumjob.\" loading=\"lazy\" srcset=\"https:\/\/bsg.de\/wp-content\/uploads\/2022\/03\/Teamfoto-BSG-Mitarbeiter.jpg 800w, https:\/\/bsg.de\/wp-content\/uploads\/2022\/03\/Teamfoto-BSG-Mitarbeiter-300x169.jpg 300w, https:\/\/bsg.de\/wp-content\/uploads\/2022\/03\/Teamfoto-BSG-Mitarbeiter-768x432.jpg 768w, https:\/\/bsg.de\/wp-content\/uploads\/2022\/03\/Teamfoto-BSG-Mitarbeiter-18x10.jpg 18w\" sizes=\"auto, (max-width: 800px) 100vw, 800px\" title=\"\">\t\t\t\t\t\t\t\t\t\t\t\t\t\t\t<\/p>\n<h2>TIPPS ZUM KENNENLERN-GESPR\u00c4CH<\/h2>\n<h2>DAS BRINGST DU MIT<\/h2>\n<p>Deine Bewerbungsunterlagen waren gut \u2013 so gut, dass wir Dich unbedingt kennenlernen wollen. Und Du willst uns kennenlernen. Wenn wir uns treffen, wird es kein Bewerbungsgespr\u00e4ch sein. Denn beworben hast Du Dich ja schon.<\/p>\n<p>Wir wissen, dass jetzt wahrscheinlich die erste Nervosit\u00e4t einsetzt. Das kennen wir aus eigener Erfahrung und k\u00f6nnen Dir hier schon einmal eine erste Entwarnung geben: Nervosit\u00e4t ist kein Ausschlusskriterium, im Gegenteil kann ein Schuss Nervosit\u00e4t die Sinne sch\u00e4rfen. Zur Unterst\u00fctzung m\u00f6chten wir Dir hier ein paar Tipps geben, die uns von Deinen zuk\u00fcnftigen Kolleg:innen weitergegeben wurden und ihnen geholfen hatten.<\/p>\n<p>\t\t\t\t\t\t\t\t\t\t\t\t<a href=\"\">Bereite dich vor<\/a><\/p>\n<p><em>F\u00fcr den Fall, dass Dein Vorstellungsgespr\u00e4ch bei der BSG eines Deiner ersten Gespr\u00e4che dieser Art sein mag, kann dieser <\/em><em>Tipp hilfreich sein: Informiere Dich detailliert \u00fcber uns und mache Dich schlau, was Dich im Arbeitsumfeld bei uns erwarten mag. Auch wir k\u00f6nnen uns nicht davon frei machen, f\u00fcr Vorstellungsgespr\u00e4che typische Fragen zu stellen, weil sie nicht immer unwichtig sind. Aber darauf kannst Du Dich ebenfalls vorbereiten. Und dann, das mag jetzt komisch klingen, ist aber sehr effektiv: \u00dcbe das Vorstellungsgespr\u00e4ch in Form von Rollenspielen mit Freunden, Familie oder anderen vertrauten Personen. Damit kannst Du gut trainieren, es bringt aber auch immer eine Menge <\/em><em>Spa\u00df.<\/em><\/p>\n<p>\t\t\t\t\t\t\t\t\t\t\t\t<a href=\"\">Organisiere den Tag<\/a><\/p>\n<p><em>Auch wenn man es auszublenden versucht, kann ein gewisser Stress nicht ganz verhindert werden. Um das zu reduzieren, plane die Anreise <\/em><em>rechtzeitig, damit Du ohne Versp\u00e4tungsstress bei uns ankommst. <\/em><em>Kalkuliere einen zeitlichen Puffer ein, denn irgendetwas (Staus, Zugversp\u00e4tungen etc.) kann immer passieren. Eine alte Faustregel\u00a0<\/em><em>ist eine gute Orientierung in vielen Lebenslagen: \u201e5 Minuten vor der Zeit, ist des Deutschen P\u00fcnktlichkeit\u201c.<\/em><\/p>\n<p>\t\t\t\t\t\t\t\t\t\t\t\t<a href=\"\">Was soll ich anziehen?<\/a><\/p>\n<p><em>F\u00fcr uns ist es wichtig, dass Du Dich so gibst, wie Du bist. Dazu geh\u00f6rt auch die Kleidung. Wir wollen Dich als Pers\u00f6nlichkeit und keine Schauspieler. <\/em><em>Nat\u00fcrlich ist ein gepflegtes \u00c4u\u00dferes auch f\u00fcr unsere Kunden wichtig, aber Du sollst Dich nicht verstellen, sondern authentisch sein und Dich <\/em><em>wohlf\u00fchlen.<\/em><\/p>\n<p>\t\t\t\t\t\t\t\t\t\t\t\t<a href=\"\">Dein Arbeitsvertrag<\/a><\/p>\n<p><em>Wir haben uns gegenseitig f\u00fcreinander entschieden und wollen uns das Ja-Wort geben. Alle Details werden im Arbeitsvertrag zwischen Dir und <\/em><em>der BSG festgelegt, sodass wir alle wissen, woran wir sind. Damit bist Du dann in unserem Team und wir hei\u00dfen Dich alle herzlich willkommen!<\/em><\/p>","protected":false},"excerpt":{"rendered":"<p>Sich f\u00fcr den Job bewerben VOM NIEDERRHEIN IN DIE WELT WIR SIND ALLES - NUR NICHT PROVINZIELL Das Team der BSG wartet auf dich Sich f\u00fcr den Job bewerben bewerben mit nur 8 Klicks \/ in 1 Minute SCHON ETABLIERT UND DENNOCH START-UP-ATMOSPH\u00c4RE Seit mehr als 25 Jahren ist die Bruckmann Steuerungstechnik GmbH als Spezialist [&hellip;]<\/p>\n","protected":false},"author":1,"featured_media":0,"parent":0,"menu_order":0,"comment_status":"closed","ping_status":"closed","template":"","meta":{"_acf_changed":false,"footnotes":""},"categories":[],"tags":[131,122,138,139,136,137,148,50,146,49,45,143,145,140,150,43,48,144,141,47,147,149,142,44,46],"hf_cat_page":[219],"class_list":["post-211","page","type-page","status-publish","hentry","tag-ausbildung","tag-ausbildung-uedem","tag-bewerbung","tag-bewerbungstipps","tag-bsg-jobs","tag-bsg-karriere","tag-cad","tag-elektroniker","tag-inbetriebnehmer","tag-informatiker","tag-initiativbewerbung","tag-it-administrator","tag-it-engineer","tag-jobs-kreis-kleve","tag-jobs-uedem","tag-karriere","tag-kreis-kleve","tag-lagerist","tag-marketingmanager","tag-niederrhein","tag-schaltanlagenbauer","tag-softwareentwickler","tag-sps-programmierer","tag-stellenanzeigen","tag-uedem"],"acf":[],"_links":{"self":[{"href":"https:\/\/bsg.de\/en\/wp-json\/wp\/v2\/pages\/211","targetHints":{"allow":["GET"]}}],"collection":[{"href":"https:\/\/bsg.de\/en\/wp-json\/wp\/v2\/pages"}],"about":[{"href":"https:\/\/bsg.de\/en\/wp-json\/wp\/v2\/types\/page"}],"author":[{"embeddable":true,"href":"https:\/\/bsg.de\/en\/wp-json\/wp\/v2\/users\/1"}],"replies":[{"embeddable":true,"href":"https:\/\/bsg.de\/en\/wp-json\/wp\/v2\/comments?post=211"}],"version-history":[{"count":200,"href":"https:\/\/bsg.de\/en\/wp-json\/wp\/v2\/pages\/211\/revisions"}],"predecessor-version":[{"id":1573,"href":"https:\/\/bsg.de\/en\/wp-json\/wp\/v2\/pages\/211\/revisions\/1573"}],"wp:attachment":[{"href":"https:\/\/bsg.de\/en\/wp-json\/wp\/v2\/media?parent=211"}],"wp:term":[{"taxonomy":"category","embeddable":true,"href":"https:\/\/bsg.de\/en\/wp-json\/wp\/v2\/categories?post=211"},{"taxonomy":"post_tag","embeddable":true,"href":"https:\/\/bsg.de\/en\/wp-json\/wp\/v2\/tags?post=211"},{"taxonomy":"hf_cat_page","embeddable":true,"href":"https:\/\/bsg.de\/en\/wp-json\/wp\/v2\/hf_cat_page?post=211"}],"curies":[{"name":"wp","href":"https:\/\/api.w.org\/{rel}","templated":true}]}}